{"id":37913,"date":"2023-09-25T16:14:39","date_gmt":"2023-09-25T20:14:39","guid":{"rendered":"https:\/\/equiton.com\/investisseurs-institutionnels\/a-propos-dequiton\/equipes\/bio\/austin-rogers\/"},"modified":"2024-01-02T15:14:00","modified_gmt":"2024-01-02T20:14:00","slug":"austin-rogers","status":"publish","type":"page","link":"https:\/\/www.equiton.com\/fr\/investisseurs-institutionnels\/a-propos-dequiton\/equipes\/bio\/austin-rogers\/","title":{"rendered":"Austin Rogers"},"content":{"rendered":"<div class=\"fusion-fullwidth fullwidth-box fusion-builder-row-1 fusion-flex-container nonhundred-percent-fullwidth non-hundred-percent-height-scrolling\" style=\"background-color: rgba(255,255,255,0);background-position: center center;background-repeat: no-repeat;border-width: 0px 0px 0px 0px;border-color:var(--awb-color3);border-style:solid;\" ><div class=\"fusion-builder-row fusion-row fusion-flex-align-items-center fusion-flex-justify-content-center\" style=\"max-width:1560px;margin-left: calc(-4% \/ 2 );margin-right: calc(-4% \/ 2 );\"><div class=\"fusion-layout-column fusion_builder_column fusion-builder-column-0 fusion_builder_column_1_3 1_3 fusion-flex-column fusion-flex-align-self-center\"><div class=\"fusion-column-wrapper fusion-flex-justify-content-center fusion-content-layout-column\" style=\"background-position:left top;background-repeat:no-repeat;-webkit-background-size:cover;-moz-background-size:cover;-o-background-size:cover;background-size:cover;padding: 0px 0px 0px 0px;\"><div ><style>.fusion-body .fusion-button.button-1{border-radius:0px 0px 0px 0px;padding-bottom:-20px;}<\/style><a class=\"fusion-button button-flat fusion-button-default-size button-default button-1 fusion-button-default-span fusion-button-default-type back-button\" target=\"_self\" onclick=\"history.back(-1)\" style=\"margin-top:20px;\"><span class=\"fusion-button-text\">Retour<\/span><\/a><\/div><div class=\"fusion-video fusion-vimeo bio-video\" style=\"max-width:800px;max-height:1200px;align-self:flex-start; width:100%\"><div class=\"video-shortcode\"><iframe title=\"Vimeo video player 1\" src=\"https:\/\/player.vimeo.com\/video\/736511645?autoplay=0&autopause=0\" width=\"800\" height=\"1200\" allowfullscreen allow=\"autoplay; fullscreen\"><\/iframe><\/div><\/div><\/div><style type=\"text\/css\">.fusion-body .fusion-builder-column-0{width:33.333333333333% !important;margin-top : 0px;margin-bottom : 20px;}.fusion-builder-column-0 > .fusion-column-wrapper {padding-top : 0px !important;padding-right : 0px !important;margin-right : 5.76%;padding-bottom : 0px !important;padding-left : 0px !important;margin-left : 5.76%;}@media only screen and (max-width:1200px) {.fusion-body .fusion-builder-column-0{width:33.333333333333% !important;order : 0;}.fusion-builder-column-0 > .fusion-column-wrapper {margin-right : 5.76%;margin-left : 5.76%;}}@media only screen and (max-width:700px) {.fusion-body .fusion-builder-column-0{width:100% !important;order : 0;}.fusion-builder-column-0 > .fusion-column-wrapper {margin-right : 1.92%;margin-left : 1.92%;}}<\/style><\/div><div class=\"fusion-layout-column fusion_builder_column fusion-builder-column-1 fusion_builder_column_3_5 3_5 fusion-flex-column\"><div class=\"fusion-column-wrapper fusion-flex-justify-content-flex-start fusion-content-layout-column\" style=\"background-position:left top;background-repeat:no-repeat;-webkit-background-size:cover;-moz-background-size:cover;-o-background-size:cover;background-size:cover;padding: 0px 0px 0px 0px;\"><style type=\"text\/css\">@media only screen and (max-width:1200px) {.fusion-title.fusion-title-1{margin-top:10px!important; margin-right:0px!important;margin-bottom:-10px!important;margin-left:0px!important;}}@media only screen and (max-width:700px) {.fusion-title.fusion-title-1{margin-top:10px!important; margin-right:0px!important;margin-bottom:10px!important; margin-left:0px!important;}}<\/style><div class=\"fusion-title title fusion-title-1 fusion-sep-none fusion-title-text fusion-title-size-one\" style=\"margin-top:10px;margin-right:0px;margin-bottom:-10px;margin-left:0px;\"><h1 class=\"title-heading-left\" style=\"margin:0;\"><h1>Austin Rogers<\/h1><\/h1><\/div><div class=\"fusion-text fusion-text-1\"><h3 style=\"font-size: 25px;\"><em>Vice-pr\u00e9sident, March\u00e9s des capitaux priv\u00e9s<\/em><\/h3>\n<\/div><div class=\"fusion-separator fusion-full-width-sep\" style=\"align-self: center;margin-left: auto;margin-right: auto;margin-top:-5px;margin-bottom:5px;width:100%;\"><\/div><div ><style>.fusion-body .fusion-button.button-2{border-radius:0px 0px 0px 0px;padding-top:10px;padding-bottom:10px;}<\/style><a class=\"fusion-button button-flat fusion-button-default-size button-default button-2 fusion-button-default-span fusion-button-default-type\" target=\"_blank\" rel=\"noopener noreferrer\" href=\"https:\/\/outlook.office365.com\/owa\/calendar\/AustinRogersEquitonCalendar@equiton.com\/bookings\/\"><span class=\"fusion-button-text\">Prenez rendez-vous<\/span><\/a><\/div><div class=\"fusion-separator fusion-full-width-sep\" style=\"align-self: center;margin-left: auto;margin-right: auto;margin-top:10px;margin-bottom:10px;width:100%;\"><\/div><div ><style>.fusion-body .fusion-button.button-3{border-radius:0px 0px 0px 0px;padding-bottom:10px;}<\/style><a class=\"fusion-button button-flat fusion-button-default-size button-default button-3 fusion-button-default-span fusion-button-default-type\" target=\"_self\" href=\"mailto:arogers@equiton.com\"><span class=\"fusion-button-text\">Contactez Austin<\/span><\/a><\/div><div class=\"fusion-separator fusion-full-width-sep\" style=\"align-self: center;margin-left: auto;margin-right: auto;margin-top:10px;margin-bottom:10px;width:100%;\"><\/div><div class=\"fusion-text fusion-text-2\"><p><span data-contrast=\"auto\">Austin est un professionnel chevronn\u00e9 qui occupe le poste de vice-pr\u00e9sident de la division des ventes au d\u00e9tail d&#8217;Equiton, apportant avec lui une solide exp\u00e9rience dans la direction efficace d&#8217;\u00e9quipes afin de g\u00e9n\u00e9rer des rendements favorables. Son engagement envers la satisfaction du client et la transparence souligne sa philosophie de gestion.<\/span><span data-ccp-props=\"{}\"> <\/span><\/p>\n<p><span data-contrast=\"auto\">Ayant rejoint Equiton en 2019, le sens de l&#8217;entrepreneuriat et les comp\u00e9tences relationnelles d&#8217;Austin ont contribu\u00e9 de mani\u00e8re significative \u00e0 la croissance remarquable de l&#8217;entreprise, propulsant les actifs sous gestion de moins de 100 millions de dollars \u00e0 plus d&#8217;un milliard de dollars. En tant que figure respect\u00e9e du secteur, Austin se consacre \u00e0 la simplification et \u00e0 la d\u00e9mocratisation de l&#8217;investissement immobilier.<\/span><span data-ccp-props=\"{}\"> <\/span><\/p>\n<p><span data-contrast=\"auto\">S&#8217;appuyant sur une riche exp\u00e9rience en mati\u00e8re de gestion et de conseil financier acquise aupr\u00e8s d&#8217;institutions financi\u00e8res de premier plan, Austin a habilement guid\u00e9 son \u00e9quipe de sp\u00e9cialistes en investissement \u00e0 travers des p\u00e9riodes de croissance rapide et a constamment d\u00e9pass\u00e9 les objectifs fix\u00e9s. Austin est titulaire d&#8217;un baccalaur\u00e9at en commerce en \u00e9conomie et en sciences de gestion de l&#8217;Universit\u00e9 Ryerson, compl\u00e9tant ainsi son ensemble complet de comp\u00e9tences et son expertise du secteur.<\/span><span data-ccp-props=\"{}\"> <\/span><\/p>\n<\/div><\/div><style type=\"text\/css\">.fusion-body .fusion-builder-column-1{width:60% !important;margin-top : 0px;margin-bottom : 20px;}.fusion-builder-column-1 > .fusion-column-wrapper {padding-top : 0px !important;padding-right : 0px !important;margin-right : 3.2%;padding-bottom : 0px !important;padding-left : 0px !important;margin-left : 3.2%;}@media only screen and (max-width:1200px) {.fusion-body .fusion-builder-column-1{width:60% !important;order : 0;}.fusion-builder-column-1 > .fusion-column-wrapper {margin-right : 3.2%;margin-left : 3.2%;}}@media only screen and (max-width:700px) {.fusion-body .fusion-builder-column-1{width:100% !important;order : 0;}.fusion-builder-column-1 > .fusion-column-wrapper {margin-right : 1.92%;margin-left : 1.92%;}}<\/style><\/div><\/div><style type=\"text\/css\">.fusion-body .fusion-flex-container.fusion-builder-row-1{ padding-top : 0px;margin-top : 0px;padding-right : 0px;padding-bottom : 0px;margin-bottom : 0px;padding-left : 0px;}<\/style><\/div>\n","protected":false},"excerpt":{"rendered":"","protected":false},"author":6,"featured_media":0,"parent":14497,"menu_order":0,"comment_status":"closed","ping_status":"closed","template":"","meta":{"_acf_changed":false,"om_disable_all_campaigns":false,"inline_featured_image":false,"footnotes":"","_links_to":"","_links_to_target":""},"class_list":["post-37913","page","type-page","status-publish","hentry"],"acf":[],"yoast_head":"<!-- This site is optimized with the Yoast SEO Premium plugin v27.5 (Yoast SEO v27.5) - https:\/\/yoast.com\/product\/yoast-seo-premium-wordpress\/ -->\n<title>Austin Rogers<\/title>\n<meta name=\"robots\" content=\"index, follow, max-snippet:-1, max-image-preview:large, max-video-preview:-1\" \/>\n<link rel=\"canonical\" href=\"https:\/\/www.equiton.com\/fr\/investisseurs-institutionnels\/a-propos-dequiton\/equipes\/bio\/austin-rogers\/\" \/>\n<meta property=\"og:locale\" content=\"fr_CA\" \/>\n<meta property=\"og:type\" content=\"article\" \/>\n<meta property=\"og:title\" content=\"Austin Rogers\" \/>\n<meta property=\"og:url\" content=\"https:\/\/www.equiton.com\/fr\/investisseurs-institutionnels\/a-propos-dequiton\/equipes\/bio\/austin-rogers\/\" \/>\n<meta property=\"og:site_name\" content=\"Equiton\" \/>\n<meta property=\"article:publisher\" content=\"https:\/\/www.facebook.com\/equitoninc\" \/>\n<meta property=\"article:modified_time\" content=\"2024-01-02T20:14:00+00:00\" \/>\n<meta name=\"twitter:card\" content=\"summary_large_image\" \/>\n<meta name=\"twitter:site\" content=\"@EquitonInc\" \/>\n<meta name=\"twitter:label1\" content=\"Estimation du temps de lecture\" \/>\n\t<meta name=\"twitter:data1\" content=\"10 minutes\" \/>\n<script type=\"application\/ld+json\" class=\"yoast-schema-graph\">{\"@context\":\"https:\\\/\\\/schema.org\",\"@graph\":[{\"@type\":\"WebPage\",\"@id\":\"https:\\\/\\\/www.equiton.com\\\/fr\\\/investisseurs-institutionnels\\\/a-propos-dequiton\\\/equipes\\\/bio\\\/austin-rogers\\\/\",\"url\":\"https:\\\/\\\/www.equiton.com\\\/fr\\\/investisseurs-institutionnels\\\/a-propos-dequiton\\\/equipes\\\/bio\\\/austin-rogers\\\/\",\"name\":\"Austin Rogers\",\"isPartOf\":{\"@id\":\"https:\\\/\\\/equiton.com\\\/fr\\\/#website\"},\"datePublished\":\"2023-09-25T20:14:39+00:00\",\"dateModified\":\"2024-01-02T20:14:00+00:00\",\"breadcrumb\":{\"@id\":\"https:\\\/\\\/www.equiton.com\\\/fr\\\/investisseurs-institutionnels\\\/a-propos-dequiton\\\/equipes\\\/bio\\\/austin-rogers\\\/#breadcrumb\"},\"inLanguage\":\"fr-CA\",\"potentialAction\":[{\"@type\":\"ReadAction\",\"target\":[\"https:\\\/\\\/www.equiton.com\\\/fr\\\/investisseurs-institutionnels\\\/a-propos-dequiton\\\/equipes\\\/bio\\\/austin-rogers\\\/\"]}]},{\"@type\":\"BreadcrumbList\",\"@id\":\"https:\\\/\\\/www.equiton.com\\\/fr\\\/investisseurs-institutionnels\\\/a-propos-dequiton\\\/equipes\\\/bio\\\/austin-rogers\\\/#breadcrumb\",\"itemListElement\":[{\"@type\":\"ListItem\",\"position\":1,\"name\":\"Home\",\"item\":\"https:\\\/\\\/equiton.com\\\/fr\\\/\"},{\"@type\":\"ListItem\",\"position\":2,\"name\":\"Investisseurs Institutionnels\",\"item\":\"https:\\\/\\\/equiton.com\\\/fr\\\/investisseurs-institutionnels\\\/\"},{\"@type\":\"ListItem\",\"position\":3,\"name\":\"\u00c0 propos d&#8217;Equiton\",\"item\":\"https:\\\/\\\/equiton.com\\\/fr\\\/investisseurs-institutionnels\\\/a-propos-dequiton\\\/\"},{\"@type\":\"ListItem\",\"position\":4,\"name\":\"\u00c9quipes\",\"item\":\"https:\\\/\\\/equiton.com\\\/fr\\\/investisseurs-institutionnels\\\/a-propos-dequiton\\\/equipes\\\/\"},{\"@type\":\"ListItem\",\"position\":5,\"name\":\"Bio\",\"item\":\"https:\\\/\\\/equiton.com\\\/fr\\\/investisseurs-institutionnels\\\/a-propos-dequiton\\\/equipes\\\/bio\\\/\"},{\"@type\":\"ListItem\",\"position\":6,\"name\":\"Austin Rogers\"}]},{\"@type\":\"WebSite\",\"@id\":\"https:\\\/\\\/equiton.com\\\/fr\\\/#website\",\"url\":\"https:\\\/\\\/equiton.com\\\/fr\\\/\",\"name\":\"Equiton\",\"description\":\"\",\"publisher\":{\"@id\":\"https:\\\/\\\/equiton.com\\\/fr\\\/#organization\"},\"potentialAction\":[{\"@type\":\"SearchAction\",\"target\":{\"@type\":\"EntryPoint\",\"urlTemplate\":\"https:\\\/\\\/equiton.com\\\/fr\\\/?s={search_term_string}\"},\"query-input\":{\"@type\":\"PropertyValueSpecification\",\"valueRequired\":true,\"valueName\":\"search_term_string\"}}],\"inLanguage\":\"fr-CA\"},{\"@type\":\"Organization\",\"@id\":\"https:\\\/\\\/equiton.com\\\/fr\\\/#organization\",\"name\":\"Equiton\",\"url\":\"https:\\\/\\\/equiton.com\\\/fr\\\/\",\"logo\":{\"@type\":\"ImageObject\",\"inLanguage\":\"fr-CA\",\"@id\":\"https:\\\/\\\/equiton.com\\\/fr\\\/#\\\/schema\\\/logo\\\/image\\\/\",\"url\":\"https:\\\/\\\/equiton.com\\\/wp-content\\\/uploads\\\/2022\\\/06\\\/Equiton-Logo-Placeholder.jpg\",\"contentUrl\":\"https:\\\/\\\/equiton.com\\\/wp-content\\\/uploads\\\/2022\\\/06\\\/Equiton-Logo-Placeholder.jpg\",\"width\":455,\"height\":312,\"caption\":\"Equiton\"},\"image\":{\"@id\":\"https:\\\/\\\/equiton.com\\\/fr\\\/#\\\/schema\\\/logo\\\/image\\\/\"},\"sameAs\":[\"https:\\\/\\\/www.facebook.com\\\/equitoninc\",\"https:\\\/\\\/x.com\\\/EquitonInc\",\"https:\\\/\\\/ca.linkedin.com\\\/company\\\/equiton-partners\",\"https:\\\/\\\/www.instagram.com\\\/equitoninc\\\/\",\"https:\\\/\\\/www.youtube.com\\\/channel\\\/UC4ro7mDHFhzZX31YZ88Fg6Q\"],\"description\":\"Equiton invests in residential and commercial properties and have significant and growing assets under management. Our exponential growth is a direct result of our leadership team\u2019s deep understanding of real estate investing, and their expertise in navigating the real estate industry to produce long-term wealth for our investors. We have the resources and expertise to find the right properties, perform the proper due diligence and build strong relationships. We ensure our properties continue to increase in value by actively managing each property. In essence, we know what to buy to generate value for our investors.\",\"email\":\"inquiries@equiton.com\",\"telephone\":\"9056351381\",\"legalName\":\"Equiton Inc.\",\"foundingDate\":\"2015-01-01\",\"taxID\":\"BN\",\"duns\":\"203513643\",\"naics\":\"523920\",\"numberOfEmployees\":{\"@type\":\"QuantitativeValue\",\"minValue\":\"201\",\"maxValue\":\"500\"}}]}<\/script>\n<!-- \/ Yoast SEO Premium plugin. -->","yoast_head_json":{"title":"Austin Rogers","robots":{"index":"index","follow":"follow","max-snippet":"max-snippet:-1","max-image-preview":"max-image-preview:large","max-video-preview":"max-video-preview:-1"},"canonical":"https:\/\/www.equiton.com\/fr\/investisseurs-institutionnels\/a-propos-dequiton\/equipes\/bio\/austin-rogers\/","og_locale":"fr_CA","og_type":"article","og_title":"Austin Rogers","og_url":"https:\/\/www.equiton.com\/fr\/investisseurs-institutionnels\/a-propos-dequiton\/equipes\/bio\/austin-rogers\/","og_site_name":"Equiton","article_publisher":"https:\/\/www.facebook.com\/equitoninc","article_modified_time":"2024-01-02T20:14:00+00:00","twitter_card":"summary_large_image","twitter_site":"@EquitonInc","twitter_misc":{"Estimation du temps de lecture":"10 minutes"},"schema":{"@context":"https:\/\/schema.org","@graph":[{"@type":"WebPage","@id":"https:\/\/www.equiton.com\/fr\/investisseurs-institutionnels\/a-propos-dequiton\/equipes\/bio\/austin-rogers\/","url":"https:\/\/www.equiton.com\/fr\/investisseurs-institutionnels\/a-propos-dequiton\/equipes\/bio\/austin-rogers\/","name":"Austin Rogers","isPartOf":{"@id":"https:\/\/equiton.com\/fr\/#website"},"datePublished":"2023-09-25T20:14:39+00:00","dateModified":"2024-01-02T20:14:00+00:00","breadcrumb":{"@id":"https:\/\/www.equiton.com\/fr\/investisseurs-institutionnels\/a-propos-dequiton\/equipes\/bio\/austin-rogers\/#breadcrumb"},"inLanguage":"fr-CA","potentialAction":[{"@type":"ReadAction","target":["https:\/\/www.equiton.com\/fr\/investisseurs-institutionnels\/a-propos-dequiton\/equipes\/bio\/austin-rogers\/"]}]},{"@type":"BreadcrumbList","@id":"https:\/\/www.equiton.com\/fr\/investisseurs-institutionnels\/a-propos-dequiton\/equipes\/bio\/austin-rogers\/#breadcrumb","itemListElement":[{"@type":"ListItem","position":1,"name":"Home","item":"https:\/\/equiton.com\/fr\/"},{"@type":"ListItem","position":2,"name":"Investisseurs Institutionnels","item":"https:\/\/equiton.com\/fr\/investisseurs-institutionnels\/"},{"@type":"ListItem","position":3,"name":"\u00c0 propos d&#8217;Equiton","item":"https:\/\/equiton.com\/fr\/investisseurs-institutionnels\/a-propos-dequiton\/"},{"@type":"ListItem","position":4,"name":"\u00c9quipes","item":"https:\/\/equiton.com\/fr\/investisseurs-institutionnels\/a-propos-dequiton\/equipes\/"},{"@type":"ListItem","position":5,"name":"Bio","item":"https:\/\/equiton.com\/fr\/investisseurs-institutionnels\/a-propos-dequiton\/equipes\/bio\/"},{"@type":"ListItem","position":6,"name":"Austin Rogers"}]},{"@type":"WebSite","@id":"https:\/\/equiton.com\/fr\/#website","url":"https:\/\/equiton.com\/fr\/","name":"Equiton","description":"","publisher":{"@id":"https:\/\/equiton.com\/fr\/#organization"},"potentialAction":[{"@type":"SearchAction","target":{"@type":"EntryPoint","urlTemplate":"https:\/\/equiton.com\/fr\/?s={search_term_string}"},"query-input":{"@type":"PropertyValueSpecification","valueRequired":true,"valueName":"search_term_string"}}],"inLanguage":"fr-CA"},{"@type":"Organization","@id":"https:\/\/equiton.com\/fr\/#organization","name":"Equiton","url":"https:\/\/equiton.com\/fr\/","logo":{"@type":"ImageObject","inLanguage":"fr-CA","@id":"https:\/\/equiton.com\/fr\/#\/schema\/logo\/image\/","url":"https:\/\/equiton.com\/wp-content\/uploads\/2022\/06\/Equiton-Logo-Placeholder.jpg","contentUrl":"https:\/\/equiton.com\/wp-content\/uploads\/2022\/06\/Equiton-Logo-Placeholder.jpg","width":455,"height":312,"caption":"Equiton"},"image":{"@id":"https:\/\/equiton.com\/fr\/#\/schema\/logo\/image\/"},"sameAs":["https:\/\/www.facebook.com\/equitoninc","https:\/\/x.com\/EquitonInc","https:\/\/ca.linkedin.com\/company\/equiton-partners","https:\/\/www.instagram.com\/equitoninc\/","https:\/\/www.youtube.com\/channel\/UC4ro7mDHFhzZX31YZ88Fg6Q"],"description":"Equiton invests in residential and commercial properties and have significant and growing assets under management. Our exponential growth is a direct result of our leadership team\u2019s deep understanding of real estate investing, and their expertise in navigating the real estate industry to produce long-term wealth for our investors. We have the resources and expertise to find the right properties, perform the proper due diligence and build strong relationships. We ensure our properties continue to increase in value by actively managing each property. In essence, we know what to buy to generate value for our investors.","email":"inquiries@equiton.com","telephone":"9056351381","legalName":"Equiton Inc.","foundingDate":"2015-01-01","taxID":"BN","duns":"203513643","naics":"523920","numberOfEmployees":{"@type":"QuantitativeValue","minValue":"201","maxValue":"500"}}]}},"_links":{"self":[{"href":"https:\/\/www.equiton.com\/fr\/wp-json\/wp\/v2\/pages\/37913","targetHints":{"allow":["GET"]}}],"collection":[{"href":"https:\/\/www.equiton.com\/fr\/wp-json\/wp\/v2\/pages"}],"about":[{"href":"https:\/\/www.equiton.com\/fr\/wp-json\/wp\/v2\/types\/page"}],"author":[{"embeddable":true,"href":"https:\/\/www.equiton.com\/fr\/wp-json\/wp\/v2\/users\/6"}],"replies":[{"embeddable":true,"href":"https:\/\/www.equiton.com\/fr\/wp-json\/wp\/v2\/comments?post=37913"}],"version-history":[{"count":0,"href":"https:\/\/www.equiton.com\/fr\/wp-json\/wp\/v2\/pages\/37913\/revisions"}],"up":[{"embeddable":true,"href":"https:\/\/www.equiton.com\/fr\/wp-json\/wp\/v2\/pages\/14497"}],"wp:attachment":[{"href":"https:\/\/www.equiton.com\/fr\/wp-json\/wp\/v2\/media?parent=37913"}],"curies":[{"name":"wp","href":"https:\/\/api.w.org\/{rel}","templated":true}]}}